{"id":502,"date":"2020-10-23T11:13:00","date_gmt":"2020-10-23T15:13:00","guid":{"rendered":"https:\/\/www.brix66.com\/boutique-en-ligne\/?post_type=product&#038;p=502"},"modified":"2023-02-15T16:11:57","modified_gmt":"2023-02-15T21:11:57","slug":"sirop-bouteille-carree","status":"publish","type":"product","link":"https:\/\/www.brix66.com\/boutique-en-ligne\/produit\/sirop-bouteille-carree\/","title":{"rendered":"Sirop bouteille carr\u00e9e"},"content":{"rendered":"","protected":false},"excerpt":{"rendered":"<p>Format 500\u00a0ml id\u00e9al pour toute la famille. Contenant presque l\u2019\u00e9quivalent d\u2019une canne (540\u00a0ml), elle se range bien au r\u00e9frig\u00e9rateur en plus de servir de bec verseur pour les remplissages \u00e0 venir.<\/p>\n<p>Ingr\u00e9dients\u00a0: sirop d&rsquo;\u00e9rable 100\u00a0% pur<\/p>\n","protected":false},"featured_media":353,"template":"","meta":[],"yoast_head":"<!-- This site is optimized with the Yoast SEO plugin v15.2.1 - https:\/\/yoast.com\/wordpress\/plugins\/seo\/ -->\n<title>Notre sirop d\u2019\u00e9rable en bouteille carr\u00e9e - Brix 66<\/title>\n<meta name=\"description\" content=\"Brix 66, \u00e0 Hinchinbrooke, vous propose le sirop d\u2019\u00e9rable provenant de son \u00e9rabli\u00e8re. Il est disponible en format 500 ml, qui se range bien au r\u00e9frig\u00e9rateur.\" \/>\n<meta name=\"robots\" content=\"index, follow, max-snippet:-1, max-image-preview:large, max-video-preview:-1\" \/>\n<link rel=\"canonical\" href=\"https:\/\/www.brix66.com\/boutique-en-ligne\/produit\/sirop-bouteille-carree\/\" \/>\n<meta property=\"og:locale\" content=\"fr_FR\" \/>\n<meta property=\"og:type\" content=\"article\" \/>\n<meta property=\"og:title\" content=\"Notre sirop d\u2019\u00e9rable en bouteille carr\u00e9e - Brix 66\" \/>\n<meta property=\"og:description\" content=\"Brix 66, \u00e0 Hinchinbrooke, vous propose le sirop d\u2019\u00e9rable provenant de son \u00e9rabli\u00e8re. Il est disponible en format 500 ml, qui se range bien au r\u00e9frig\u00e9rateur.\" \/>\n<meta property=\"og:url\" content=\"https:\/\/www.brix66.com\/boutique-en-ligne\/produit\/sirop-bouteille-carree\/\" \/>\n<meta property=\"og:site_name\" content=\"Brix 66\" \/>\n<meta property=\"article:modified_time\" content=\"2023-02-15T21:11:57+00:00\" \/>\n<meta property=\"og:image\" content=\"https:\/\/www.brix66.com\/boutique-en-ligne\/wp-content\/uploads\/sirop-erable-clair-carre-brix4.jpg\" \/>\n\t<meta property=\"og:image:width\" content=\"840\" \/>\n\t<meta property=\"og:image:height\" content=\"840\" \/>\n<meta name=\"twitter:card\" content=\"summary_large_image\" \/>\n<meta name=\"twitter:label1\" content=\"\u00c9crit par\">\n\t<meta name=\"twitter:data1\" content=\"agencezel\">\n<script type=\"application\/ld+json\" class=\"yoast-schema-graph\">{\"@context\":\"https:\/\/schema.org\",\"@graph\":[{\"@type\":\"WebSite\",\"@id\":\"https:\/\/www.brix66.com\/boutique-en-ligne\/#website\",\"url\":\"https:\/\/www.brix66.com\/boutique-en-ligne\/\",\"name\":\"Brix 66\",\"description\":\"Producteur de sirop d\\u2019\\u00e9rable\",\"potentialAction\":[{\"@type\":\"SearchAction\",\"target\":\"https:\/\/www.brix66.com\/boutique-en-ligne\/?s={search_term_string}\",\"query-input\":\"required name=search_term_string\"}],\"inLanguage\":\"fr-FR\"},{\"@type\":\"ImageObject\",\"@id\":\"https:\/\/www.brix66.com\/boutique-en-ligne\/produit\/sirop-bouteille-carree\/#primaryimage\",\"inLanguage\":\"fr-FR\",\"url\":\"https:\/\/www.brix66.com\/boutique-en-ligne\/wp-content\/uploads\/sirop-erable-clair-carre-brix4.jpg\",\"width\":840,\"height\":840},{\"@type\":\"WebPage\",\"@id\":\"https:\/\/www.brix66.com\/boutique-en-ligne\/produit\/sirop-bouteille-carree\/#webpage\",\"url\":\"https:\/\/www.brix66.com\/boutique-en-ligne\/produit\/sirop-bouteille-carree\/\",\"name\":\"Notre sirop d\\u2019\\u00e9rable en bouteille carr\\u00e9e - Brix 66\",\"isPartOf\":{\"@id\":\"https:\/\/www.brix66.com\/boutique-en-ligne\/#website\"},\"primaryImageOfPage\":{\"@id\":\"https:\/\/www.brix66.com\/boutique-en-ligne\/produit\/sirop-bouteille-carree\/#primaryimage\"},\"datePublished\":\"2020-10-23T15:13:00+00:00\",\"dateModified\":\"2023-02-15T21:11:57+00:00\",\"description\":\"Brix 66, \\u00e0 Hinchinbrooke, vous propose le sirop d\\u2019\\u00e9rable provenant de son \\u00e9rabli\\u00e8re. Il est disponible en format 500 ml, qui se range bien au r\\u00e9frig\\u00e9rateur.\",\"inLanguage\":\"fr-FR\",\"potentialAction\":[{\"@type\":\"ReadAction\",\"target\":[\"https:\/\/www.brix66.com\/boutique-en-ligne\/produit\/sirop-bouteille-carree\/\"]}]}]}<\/script>\n<!-- \/ Yoast SEO plugin. -->","_links":{"self":[{"href":"https:\/\/www.brix66.com\/boutique-en-ligne\/wp-json\/wp\/v2\/product\/502"}],"collection":[{"href":"https:\/\/www.brix66.com\/boutique-en-ligne\/wp-json\/wp\/v2\/product"}],"about":[{"href":"https:\/\/www.brix66.com\/boutique-en-ligne\/wp-json\/wp\/v2\/types\/product"}],"wp:featuredmedia":[{"embeddable":true,"href":"https:\/\/www.brix66.com\/boutique-en-ligne\/wp-json\/wp\/v2\/media\/353"}],"wp:attachment":[{"href":"https:\/\/www.brix66.com\/boutique-en-ligne\/wp-json\/wp\/v2\/media?parent=502"}],"curies":[{"name":"wp","href":"https:\/\/api.w.org\/{rel}","templated":true}]}}